{"id":18684,"date":"2025-11-11T14:48:07","date_gmt":"2025-11-11T12:48:07","guid":{"rendered":"https:\/\/on.de\/booking-page\/"},"modified":"2026-04-28T11:42:33","modified_gmt":"2026-04-28T09:42:33","slug":"booking-page","status":"publish","type":"page","link":"https:\/\/on.de\/en\/booking-page\/","title":{"rendered":"Booking page"},"content":{"rendered":"<div data-elementor-type=\"wp-page\" data-elementor-id=\"18684\" class=\"elementor elementor-18684 elementor-16476\" data-elementor-post-type=\"page\">\n\t\t\t\t<div class=\"elementor-element elementor-element-0482ff3 e-con-full e-flex e-con e-child\" data-id=\"0482ff3\" data-element_type=\"container\" data-e-type=\"container\">\n\t\t\t\t<div class=\"elementor-element elementor-element-189b537 elementor-widget__width-initial elementor-widget elementor-widget-html\" data-id=\"189b537\" data-element_type=\"widget\" data-e-type=\"widget\" data-widget_type=\"html.default\">\n\t\t\t\t<div class=\"elementor-widget-container\">\n\t\t\t\t\t<div style=\"  width: 100%; background: #f2f2f2; padding: 40px 0;  \">\n    <div style=\"  max-width: 1200px; margin: 0 auto;  \">\n         <div class=\"brlbs-cmpnt-container brlbs-cmpnt-content-blocker brlbs-cmpnt-with-individual-styles\" data-borlabs-cookie-content-blocker-id=\"default\" data-borlabs-cookie-content=\"PGlmcmFtZSBzcmM9Imh0dHBzOi8vb3V0bG9vay5vZmZpY2UuY29tL2Jvb2svQnVjaHVuZ3NrYWxlbmRlcldlYnNlaXRlQG9uLmRlLz9pc21zYWxqc2F1dGhlbmFibGVkIiB3aWR0aD0iMTAwJSIgaGVpZ2h0PSIyMDAwcHgiIHNjcm9sbGluZz0ieWVzIiBzdHlsZT0iYm9yZGVyOjA7IGRpc3BsYXk6YmxvY2s7Ij4KICAgICAgICA8L2lmcmFtZT4=\"><div class=\"brlbs-cmpnt-cb-preset-a\"> <p class=\"brlbs-cmpnt-cb-description\">You are currently viewing a placeholder content from <strong>Default<\/strong>. To access the actual content, click the button below. Please note that doing so will share data with third-party providers.<\/p> <div class=\"brlbs-cmpnt-cb-buttons\"> <a class=\"brlbs-cmpnt-cb-btn\" href=\"#\" data-borlabs-cookie-unblock role=\"button\">Unblock content<\/a> <a class=\"brlbs-cmpnt-cb-btn\" href=\"#\" data-borlabs-cookie-accept-service role=\"button\" style=\"display: none\">Accept required service and unblock content<\/a> <\/div> <a class=\"brlbs-cmpnt-cb-provider-toggle\" href=\"#\" data-borlabs-cookie-show-provider-information role=\"button\">More Information<\/a> <\/div><\/div>\n    <\/div>\n<\/div>\n\n\n\n\n\n\n\t\t\t\t<\/div>\n\t\t\t\t<\/div>\n\t\t\t\t<\/div>\n\t\t\t\t<\/div>","protected":false},"excerpt":{"rendered":"","protected":false},"author":6,"featured_media":0,"parent":0,"menu_order":0,"comment_status":"closed","ping_status":"closed","template":"","meta":{"footnotes":""},"class_list":["post-18684","page","type-page","status-publish","hentry"],"yoast_head":"<!-- This site is optimized with the Yoast SEO plugin v27.4 - https:\/\/yoast.com\/product\/yoast-seo-wordpress\/ -->\n<title>Booking page - on.de<\/title>\n<meta name=\"robots\" content=\"index, follow, max-snippet:-1, max-image-preview:large, max-video-preview:-1\" \/>\n<link rel=\"canonical\" href=\"\/en\/https:\/\/on.de\/en\/booking-page\/\/\" \/>\n<meta property=\"og:locale\" content=\"en_US\" \/>\n<meta property=\"og:type\" content=\"article\" \/>\n<meta property=\"og:title\" content=\"Booking page - on.de\" \/>\n<meta property=\"og:url\" content=\"\/en\/https:\/\/on.de\/en\/booking-page\/\/\" \/>\n<meta property=\"og:site_name\" content=\"on.de\" \/>\n<meta property=\"article:modified_time\" content=\"2026-04-28T09:42:33+00:00\" \/>\n<meta name=\"twitter:card\" content=\"summary_large_image\" \/>\n<script type=\"application\/ld+json\" class=\"yoast-schema-graph\">{\"@context\":\"https:\\\/\\\/schema.org\",\"@graph\":[{\"@type\":\"WebPage\",\"@id\":\"https:\\\/\\\/on.de\\\/en\\\/booking-page\\\/\",\"url\":\"https:\\\/\\\/on.de\\\/en\\\/booking-page\\\/\",\"name\":\"Booking page - on.de\",\"isPartOf\":{\"@id\":\"https:\\\/\\\/on.de\\\/en\\\/#website\"},\"datePublished\":\"2025-11-11T12:48:07+00:00\",\"dateModified\":\"2026-04-28T09:42:33+00:00\",\"breadcrumb\":{\"@id\":\"https:\\\/\\\/on.de\\\/en\\\/booking-page\\\/#breadcrumb\"},\"inLanguage\":\"en-US\",\"potentialAction\":[{\"@type\":\"ReadAction\",\"target\":[\"https:\\\/\\\/on.de\\\/en\\\/booking-page\\\/\"]}]},{\"@type\":\"BreadcrumbList\",\"@id\":\"https:\\\/\\\/on.de\\\/en\\\/booking-page\\\/#breadcrumb\",\"itemListElement\":[{\"@type\":\"ListItem\",\"position\":1,\"name\":\"Startseite\",\"item\":\"https:\\\/\\\/on.de\\\/en\\\/home-2\\\/\"},{\"@type\":\"ListItem\",\"position\":2,\"name\":\"Booking page\"}]},{\"@type\":\"WebSite\",\"@id\":\"https:\\\/\\\/on.de\\\/en\\\/#website\",\"url\":\"https:\\\/\\\/on.de\\\/en\\\/\",\"name\":\"on.de\",\"description\":\"Professionelles IT-Consulting und ma\u00dfgeschneiderte Software-L\u00f6sungen f\u00fcr Ihren Unternehmenserfolg\",\"publisher\":{\"@id\":\"https:\\\/\\\/on.de\\\/en\\\/#organization\"},\"potentialAction\":[{\"@type\":\"SearchAction\",\"target\":{\"@type\":\"EntryPoint\",\"urlTemplate\":\"https:\\\/\\\/on.de\\\/en\\\/?s={search_term_string}\"},\"query-input\":{\"@type\":\"PropertyValueSpecification\",\"valueRequired\":true,\"valueName\":\"search_term_string\"}}],\"inLanguage\":\"en-US\"},{\"@type\":\"Organization\",\"@id\":\"https:\\\/\\\/on.de\\\/en\\\/#organization\",\"name\":\"on.de\",\"url\":\"https:\\\/\\\/on.de\\\/en\\\/\",\"logo\":{\"@type\":\"ImageObject\",\"inLanguage\":\"en-US\",\"@id\":\"https:\\\/\\\/on.de\\\/en\\\/#\\\/schema\\\/logo\\\/image\\\/\",\"url\":\"https:\\\/\\\/on.de\\\/wp-content\\\/uploads\\\/2024\\\/08\\\/handz.on_Logo-RGB_whitelime.svg\",\"contentUrl\":\"https:\\\/\\\/on.de\\\/wp-content\\\/uploads\\\/2024\\\/08\\\/handz.on_Logo-RGB_whitelime.svg\",\"caption\":\"on.de\"},\"image\":{\"@id\":\"https:\\\/\\\/on.de\\\/en\\\/#\\\/schema\\\/logo\\\/image\\\/\"}}]}<\/script>\n<!-- \/ Yoast SEO plugin. -->","yoast_head_json":{"title":"Booking page - on.de","robots":{"index":"index","follow":"follow","max-snippet":"max-snippet:-1","max-image-preview":"max-image-preview:large","max-video-preview":"max-video-preview:-1"},"canonical":"\/en\/https:\/\/on.de\/en\/booking-page\/\/","og_locale":"en_US","og_type":"article","og_title":"Booking page - on.de","og_url":"\/en\/https:\/\/on.de\/en\/booking-page\/\/","og_site_name":"on.de","article_modified_time":"2026-04-28T09:42:33+00:00","twitter_card":"summary_large_image","schema":{"@context":"https:\/\/schema.org","@graph":[{"@type":"WebPage","@id":"https:\/\/on.de\/en\/booking-page\/","url":"https:\/\/on.de\/en\/booking-page\/","name":"Booking page - on.de","isPartOf":{"@id":"https:\/\/on.de\/en\/#website"},"datePublished":"2025-11-11T12:48:07+00:00","dateModified":"2026-04-28T09:42:33+00:00","breadcrumb":{"@id":"https:\/\/on.de\/en\/booking-page\/#breadcrumb"},"inLanguage":"en-US","potentialAction":[{"@type":"ReadAction","target":["https:\/\/on.de\/en\/booking-page\/"]}]},{"@type":"BreadcrumbList","@id":"https:\/\/on.de\/en\/booking-page\/#breadcrumb","itemListElement":[{"@type":"ListItem","position":1,"name":"Startseite","item":"https:\/\/on.de\/en\/home-2\/"},{"@type":"ListItem","position":2,"name":"Booking page"}]},{"@type":"WebSite","@id":"https:\/\/on.de\/en\/#website","url":"https:\/\/on.de\/en\/","name":"on.de","description":"Professional IT Consulting and custom software solutions for your success","publisher":{"@id":"https:\/\/on.de\/en\/#organization"},"potentialAction":[{"@type":"SearchAction","target":{"@type":"EntryPoint","urlTemplate":"https:\/\/on.de\/en\/?s={search_term_string}"},"query-input":{"@type":"PropertyValueSpecification","valueRequired":true,"valueName":"search_term_string"}}],"inLanguage":"en-US"},{"@type":"Organization","@id":"https:\/\/on.de\/en\/#organization","name":"on.de","url":"https:\/\/on.de\/en\/","logo":{"@type":"ImageObject","inLanguage":"en-US","@id":"https:\/\/on.de\/en\/#\/schema\/logo\/image\/","url":"https:\/\/on.de\/wp-content\/uploads\/2024\/08\/handz.on_Logo-RGB_whitelime.svg","contentUrl":"https:\/\/on.de\/wp-content\/uploads\/2024\/08\/handz.on_Logo-RGB_whitelime.svg","caption":"on.de"},"image":{"@id":"https:\/\/on.de\/en\/#\/schema\/logo\/image\/"}}]}},"_links":{"self":[{"href":"https:\/\/on.de\/en\/wp-json\/wp\/v2\/pages\/18684","targetHints":{"allow":["GET"]}}],"collection":[{"href":"https:\/\/on.de\/en\/wp-json\/wp\/v2\/pages"}],"about":[{"href":"https:\/\/on.de\/en\/wp-json\/wp\/v2\/types\/page"}],"author":[{"embeddable":true,"href":"https:\/\/on.de\/en\/wp-json\/wp\/v2\/users\/6"}],"replies":[{"embeddable":true,"href":"https:\/\/on.de\/en\/wp-json\/wp\/v2\/comments?post=18684"}],"version-history":[{"count":2,"href":"https:\/\/on.de\/en\/wp-json\/wp\/v2\/pages\/18684\/revisions"}],"predecessor-version":[{"id":18686,"href":"https:\/\/on.de\/en\/wp-json\/wp\/v2\/pages\/18684\/revisions\/18686"}],"wp:attachment":[{"href":"https:\/\/on.de\/en\/wp-json\/wp\/v2\/media?parent=18684"}],"curies":[{"name":"wp","href":"https:\/\/api.w.org\/{rel}","templated":true}]}}