{"id":15544,"date":"2025-04-22T07:35:26","date_gmt":"2025-04-22T07:35:26","guid":{"rendered":"https:\/\/on.de\/thank-you\/"},"modified":"2025-05-14T10:05:00","modified_gmt":"2025-05-14T10:05:00","slug":"thank-you","status":"publish","type":"page","link":"https:\/\/on.de\/en\/thank-you\/","title":{"rendered":"Thank you"},"content":{"rendered":"<div data-elementor-type=\"wp-page\" data-elementor-id=\"15544\" class=\"elementor elementor-15544 elementor-15302\" data-elementor-post-type=\"page\">\n\t\t\t\t<div class=\"elementor-element elementor-element-3e2c1e9 e-flex e-con-boxed e-con e-parent\" data-id=\"3e2c1e9\" data-element_type=\"container\" data-e-type=\"container\" data-settings=\"{&quot;background_background&quot;:&quot;classic&quot;}\">\n\t\t\t\t\t<div class=\"e-con-inner\">\n\t\t\t\t<div class=\"elementor-element elementor-element-208ba05 elementor-widget elementor-widget-heading\" data-id=\"208ba05\" data-element_type=\"widget\" data-e-type=\"widget\" data-widget_type=\"heading.default\">\n\t\t\t\t<div class=\"elementor-widget-container\">\n\t\t\t\t\t<h2 class=\"elementor-heading-title elementor-size-default\">Thank you for your inquiry!<\/h2>\t\t\t\t<\/div>\n\t\t\t\t<\/div>\n\t\t\t\t<div class=\"elementor-element elementor-element-505bc69 elementor-widget__width-initial elementor-widget elementor-widget-text-editor\" data-id=\"505bc69\" data-element_type=\"widget\" data-e-type=\"widget\" data-widget_type=\"text-editor.default\">\n\t\t\t\t<div class=\"elementor-widget-container\">\n\t\t\t\t\t\t\t\t\t<p>We have received your message and will get back to you shortly.<\/p>\t\t\t\t\t\t\t\t<\/div>\n\t\t\t\t<\/div>\n\t\t\t\t\t<\/div>\n\t\t\t\t<\/div>\n\t\t\t\t<\/div>","protected":false},"excerpt":{"rendered":"<p>Thank you for your inquiry! We have received your message and will get back to you shortly.<\/p>","protected":false},"author":2,"featured_media":0,"parent":0,"menu_order":0,"comment_status":"closed","ping_status":"closed","template":"","meta":{"footnotes":""},"class_list":["post-15544","page","type-page","status-publish","hentry"],"yoast_head":"<!-- This site is optimized with the Yoast SEO plugin v27.3 - https:\/\/yoast.com\/product\/yoast-seo-wordpress\/ -->\n<title>Thank you - on.de<\/title>\n<meta name=\"robots\" content=\"index, follow, max-snippet:-1, max-image-preview:large, max-video-preview:-1\" \/>\n<link rel=\"canonical\" href=\"\/en\/https:\/\/on.de\/en\/thank-you\/\/\" \/>\n<meta property=\"og:locale\" content=\"en_US\" \/>\n<meta property=\"og:type\" content=\"article\" \/>\n<meta property=\"og:title\" content=\"Thank you - on.de\" \/>\n<meta property=\"og:description\" content=\"Thank you for your inquiry! We have received your message and will get back to you shortly.\" \/>\n<meta property=\"og:url\" content=\"\/en\/https:\/\/on.de\/en\/thank-you\/\/\" \/>\n<meta property=\"og:site_name\" content=\"on.de\" \/>\n<meta property=\"article:modified_time\" content=\"2025-05-14T10:05:00+00:00\" \/>\n<meta name=\"twitter:card\" content=\"summary_large_image\" \/>\n<script type=\"application\/ld+json\" class=\"yoast-schema-graph\">{\"@context\":\"https:\\\/\\\/schema.org\",\"@graph\":[{\"@type\":\"WebPage\",\"@id\":\"https:\\\/\\\/on.de\\\/en\\\/thank-you\\\/\",\"url\":\"https:\\\/\\\/on.de\\\/en\\\/thank-you\\\/\",\"name\":\"Thank you - on.de\",\"isPartOf\":{\"@id\":\"https:\\\/\\\/on.de\\\/en\\\/#website\"},\"datePublished\":\"2025-04-22T07:35:26+00:00\",\"dateModified\":\"2025-05-14T10:05:00+00:00\",\"breadcrumb\":{\"@id\":\"https:\\\/\\\/on.de\\\/en\\\/thank-you\\\/#breadcrumb\"},\"inLanguage\":\"en-US\",\"potentialAction\":[{\"@type\":\"ReadAction\",\"target\":[\"https:\\\/\\\/on.de\\\/en\\\/thank-you\\\/\"]}]},{\"@type\":\"BreadcrumbList\",\"@id\":\"https:\\\/\\\/on.de\\\/en\\\/thank-you\\\/#breadcrumb\",\"itemListElement\":[{\"@type\":\"ListItem\",\"position\":1,\"name\":\"Startseite\",\"item\":\"https:\\\/\\\/on.de\\\/en\\\/\"},{\"@type\":\"ListItem\",\"position\":2,\"name\":\"Thank you\"}]},{\"@type\":\"WebSite\",\"@id\":\"https:\\\/\\\/on.de\\\/en\\\/#website\",\"url\":\"https:\\\/\\\/on.de\\\/en\\\/\",\"name\":\"on.de\",\"description\":\"Professionelles IT-Consulting und ma\u00dfgeschneiderte Software-L\u00f6sungen f\u00fcr Ihren Unternehmenserfolg\",\"publisher\":{\"@id\":\"https:\\\/\\\/on.de\\\/en\\\/#organization\"},\"potentialAction\":[{\"@type\":\"SearchAction\",\"target\":{\"@type\":\"EntryPoint\",\"urlTemplate\":\"https:\\\/\\\/on.de\\\/en\\\/?s={search_term_string}\"},\"query-input\":{\"@type\":\"PropertyValueSpecification\",\"valueRequired\":true,\"valueName\":\"search_term_string\"}}],\"inLanguage\":\"en-US\"},{\"@type\":\"Organization\",\"@id\":\"https:\\\/\\\/on.de\\\/en\\\/#organization\",\"name\":\"on.de\",\"url\":\"https:\\\/\\\/on.de\\\/en\\\/\",\"logo\":{\"@type\":\"ImageObject\",\"inLanguage\":\"en-US\",\"@id\":\"https:\\\/\\\/on.de\\\/en\\\/#\\\/schema\\\/logo\\\/image\\\/\",\"url\":\"https:\\\/\\\/on.de\\\/wp-content\\\/uploads\\\/2024\\\/08\\\/handz.on_Logo-RGB_whitelime.svg\",\"contentUrl\":\"https:\\\/\\\/on.de\\\/wp-content\\\/uploads\\\/2024\\\/08\\\/handz.on_Logo-RGB_whitelime.svg\",\"caption\":\"on.de\"},\"image\":{\"@id\":\"https:\\\/\\\/on.de\\\/en\\\/#\\\/schema\\\/logo\\\/image\\\/\"}}]}<\/script>\n<!-- \/ Yoast SEO plugin. -->","yoast_head_json":{"title":"Thank you - on.de","robots":{"index":"index","follow":"follow","max-snippet":"max-snippet:-1","max-image-preview":"max-image-preview:large","max-video-preview":"max-video-preview:-1"},"canonical":"\/en\/https:\/\/on.de\/en\/thank-you\/\/","og_locale":"en_US","og_type":"article","og_title":"Thank you - on.de","og_description":"Thank you for your inquiry! We have received your message and will get back to you shortly.","og_url":"\/en\/https:\/\/on.de\/en\/thank-you\/\/","og_site_name":"on.de","article_modified_time":"2025-05-14T10:05:00+00:00","twitter_card":"summary_large_image","schema":{"@context":"https:\/\/schema.org","@graph":[{"@type":"WebPage","@id":"https:\/\/on.de\/en\/thank-you\/","url":"https:\/\/on.de\/en\/thank-you\/","name":"Thank you - on.de","isPartOf":{"@id":"https:\/\/on.de\/en\/#website"},"datePublished":"2025-04-22T07:35:26+00:00","dateModified":"2025-05-14T10:05:00+00:00","breadcrumb":{"@id":"https:\/\/on.de\/en\/thank-you\/#breadcrumb"},"inLanguage":"en-US","potentialAction":[{"@type":"ReadAction","target":["https:\/\/on.de\/en\/thank-you\/"]}]},{"@type":"BreadcrumbList","@id":"https:\/\/on.de\/en\/thank-you\/#breadcrumb","itemListElement":[{"@type":"ListItem","position":1,"name":"Startseite","item":"https:\/\/on.de\/en\/"},{"@type":"ListItem","position":2,"name":"Thank you"}]},{"@type":"WebSite","@id":"https:\/\/on.de\/en\/#website","url":"https:\/\/on.de\/en\/","name":"on.de","description":"Professional IT Consulting and custom software solutions for your success","publisher":{"@id":"https:\/\/on.de\/en\/#organization"},"potentialAction":[{"@type":"SearchAction","target":{"@type":"EntryPoint","urlTemplate":"https:\/\/on.de\/en\/?s={search_term_string}"},"query-input":{"@type":"PropertyValueSpecification","valueRequired":true,"valueName":"search_term_string"}}],"inLanguage":"en-US"},{"@type":"Organization","@id":"https:\/\/on.de\/en\/#organization","name":"on.de","url":"https:\/\/on.de\/en\/","logo":{"@type":"ImageObject","inLanguage":"en-US","@id":"https:\/\/on.de\/en\/#\/schema\/logo\/image\/","url":"https:\/\/on.de\/wp-content\/uploads\/2024\/08\/handz.on_Logo-RGB_whitelime.svg","contentUrl":"https:\/\/on.de\/wp-content\/uploads\/2024\/08\/handz.on_Logo-RGB_whitelime.svg","caption":"on.de"},"image":{"@id":"https:\/\/on.de\/en\/#\/schema\/logo\/image\/"}}]}},"_links":{"self":[{"href":"https:\/\/on.de\/en\/wp-json\/wp\/v2\/pages\/15544","targetHints":{"allow":["GET"]}}],"collection":[{"href":"https:\/\/on.de\/en\/wp-json\/wp\/v2\/pages"}],"about":[{"href":"https:\/\/on.de\/en\/wp-json\/wp\/v2\/types\/page"}],"author":[{"embeddable":true,"href":"https:\/\/on.de\/en\/wp-json\/wp\/v2\/users\/2"}],"replies":[{"embeddable":true,"href":"https:\/\/on.de\/en\/wp-json\/wp\/v2\/comments?post=15544"}],"version-history":[{"count":0,"href":"https:\/\/on.de\/en\/wp-json\/wp\/v2\/pages\/15544\/revisions"}],"wp:attachment":[{"href":"https:\/\/on.de\/en\/wp-json\/wp\/v2\/media?parent=15544"}],"curies":[{"name":"wp","href":"https:\/\/api.w.org\/{rel}","templated":true}]}}