{"id":14881,"date":"2024-12-06T13:40:50","date_gmt":"2024-12-06T13:40:50","guid":{"rendered":"https:\/\/on.de\/success-storys\/"},"modified":"2025-04-02T14:45:11","modified_gmt":"2025-04-02T14:45:11","slug":"success-storys","status":"publish","type":"page","link":"https:\/\/on.de\/en\/success-storys\/","title":{"rendered":"Success storys"},"content":{"rendered":"<div data-elementor-type=\"wp-page\" data-elementor-id=\"14881\" class=\"elementor elementor-14881 elementor-7223\" data-elementor-post-type=\"page\">\n\t\t\t\t<div class=\"elementor-element elementor-element-e1c180d e-flex e-con-boxed e-con e-parent\" data-id=\"e1c180d\" data-element_type=\"container\" data-e-type=\"container\" data-settings=\"{&quot;background_background&quot;:&quot;classic&quot;}\">\n\t\t\t\t\t<div class=\"e-con-inner\">\n\t\t\t\t<div class=\"elementor-element elementor-element-d3acc36 elementor-widget elementor-widget-heading\" data-id=\"d3acc36\" data-element_type=\"widget\" data-e-type=\"widget\" data-widget_type=\"heading.default\">\n\t\t\t\t<div class=\"elementor-widget-container\">\n\t\t\t\t\t<h2 class=\"elementor-heading-title elementor-size-default\">Success Storys<\/h2>\t\t\t\t<\/div>\n\t\t\t\t<\/div>\n\t\t\t\t<div class=\"elementor-element elementor-element-51c09a6 elementor-widget elementor-widget-text-editor\" data-id=\"51c09a6\" data-element_type=\"widget\" data-e-type=\"widget\" data-widget_type=\"text-editor.default\">\n\t\t\t\t<div class=\"elementor-widget-container\">\n\t\t\t\t\t\t\t\t\t<p class=\"\" data-start=\"181\" data-end=\"413\"><strong data-start=\"181\" data-end=\"322\">Our success stories show how we&#8217;ve successfully supported companies on their journey toward greater efficiency, security, and innovation.<\/strong><br data-start=\"322\" data-end=\"325\" \/>From individual IT solutions to customized strategies \u2014 our projects speak for themselves.<\/p><br><p class=\"\" data-start=\"415\" data-end=\"502\">Let our references inspire you and discover how we can help move your business forward.<\/p>\t\t\t\t\t\t\t\t<\/div>\n\t\t\t\t<\/div>\n\t\t\t\t\t<\/div>\n\t\t\t\t<\/div>\n\t\t<div class=\"elementor-element elementor-element-2b2fecb e-flex e-con-boxed e-con e-parent\" data-id=\"2b2fecb\" data-element_type=\"container\" data-e-type=\"container\">\n\t\t\t\t\t<div class=\"e-con-inner\">\n\t\t\t\t<div class=\"elementor-element elementor-element-dc96883 elementor-grid-4 elementor-grid-laptop-2 elementor-widget__width-initial elementor-grid-tablet-2 elementor-grid-mobile-1 elementor-posts--thumbnail-top elementor-widget elementor-widget-posts\" data-id=\"dc96883\" data-element_type=\"widget\" data-e-type=\"widget\" data-settings=\"{&quot;classic_columns&quot;:&quot;4&quot;,&quot;classic_columns_laptop&quot;:&quot;2&quot;,&quot;classic_columns_tablet&quot;:&quot;2&quot;,&quot;classic_columns_mobile&quot;:&quot;1&quot;,&quot;classic_row_gap&quot;:{&quot;unit&quot;:&quot;px&quot;,&quot;size&quot;:35,&quot;sizes&quot;:[]},&quot;classic_row_gap_laptop&quot;:{&quot;unit&quot;:&quot;px&quot;,&quot;size&quot;:&quot;&quot;,&quot;sizes&quot;:[]},&quot;classic_row_gap_tablet&quot;:{&quot;unit&quot;:&quot;px&quot;,&quot;size&quot;:&quot;&quot;,&quot;sizes&quot;:[]},&quot;classic_row_gap_mobile&quot;:{&quot;unit&quot;:&quot;px&quot;,&quot;size&quot;:&quot;&quot;,&quot;sizes&quot;:[]}}\" data-widget_type=\"posts.classic\">\n\t\t\t\t<div class=\"elementor-widget-container\">\n\t\t\t\t\t\t\t<div class=\"elementor-posts-container elementor-posts elementor-posts--skin-classic elementor-grid\" role=\"list\">\n\t\t\t\t<article class=\"elementor-post elementor-grid-item post-14770 success_stories type-success_stories status-publish has-post-thumbnail hentry\" role=\"listitem\">\n\t\t\t\t<a class=\"elementor-post__thumbnail__link\" href=\"https:\/\/on.de\/en\/success-stories\/handz-on-transfers-it-processes-to-a-new-itsm-system-for-a-company-in-the-automotive-industry\/\" tabindex=\"-1\" target=\"&quot;_blank&quot;\">\n\t\t\t<div class=\"elementor-post__thumbnail\"><img fetchpriority=\"high\" decoding=\"async\" width=\"800\" height=\"534\" src=\"https:\/\/on.de\/wp-content\/uploads\/2025\/01\/HandzOn_20240823-_ABA5955-LFROELICH-1024x683.jpg\" class=\"attachment-large size-large wp-image-14429\" alt=\"\" srcset=\"https:\/\/on.de\/wp-content\/uploads\/2025\/01\/HandzOn_20240823-_ABA5955-LFROELICH-1024x683.jpg 1024w, https:\/\/on.de\/wp-content\/uploads\/2025\/01\/HandzOn_20240823-_ABA5955-LFROELICH-300x200.jpg 300w, https:\/\/on.de\/wp-content\/uploads\/2025\/01\/HandzOn_20240823-_ABA5955-LFROELICH-768x512.jpg 768w, https:\/\/on.de\/wp-content\/uploads\/2025\/01\/HandzOn_20240823-_ABA5955-LFROELICH-1536x1024.jpg 1536w, https:\/\/on.de\/wp-content\/uploads\/2025\/01\/HandzOn_20240823-_ABA5955-LFROELICH-2048x1365.jpg 2048w, https:\/\/on.de\/wp-content\/uploads\/2025\/01\/HandzOn_20240823-_ABA5955-LFROELICH-18x12.jpg 18w\" sizes=\"(max-width: 800px) 100vw, 800px\" \/><\/div>\n\t\t<\/a>\n\t\t\t\t<div class=\"elementor-post__text\">\n\t\t\t\t<h3 class=\"elementor-post__title\">\n\t\t\t<a href=\"https:\/\/on.de\/en\/success-stories\/handz-on-transfers-it-processes-to-a-new-itsm-system-for-a-company-in-the-automotive-industry\/\" target=\"&quot;_blank&quot;\">\n\t\t\t\thandz.on migrates IT processes to a new ITSM system for an automotive company\t\t\t<\/a>\n\t\t<\/h3>\n\t\t\t\t<div class=\"elementor-post__excerpt\">\n\t\t\t<p>Find out how handz.on optimized IT processes for a company in the automotive industry. From the introduction of an ITSM system to the individual adaptation of process strategies. <\/p>\n\t\t<\/div>\n\t\t\t\t\t<div class=\"elementor-post__read-more-wrapper\">\n\t\t\n\t\t<a class=\"elementor-post__read-more\" href=\"https:\/\/on.de\/en\/success-stories\/handz-on-transfers-it-processes-to-a-new-itsm-system-for-a-company-in-the-automotive-industry\/\" aria-label=\"Read more about handz.on migrates IT processes to a new ITSM system for an automotive company\" tabindex=\"-1\" target=\"_blank\">\n\t\t\t Learn more &gt;&gt;\t\t<\/a>\n\n\t\t\t\t\t<\/div>\n\t\t\t\t<\/div>\n\t\t\t\t<\/article>\n\t\t\t\t<article class=\"elementor-post elementor-grid-item post-14767 success_stories type-success_stories status-publish has-post-thumbnail hentry\" role=\"listitem\">\n\t\t\t\t<a class=\"elementor-post__thumbnail__link\" href=\"https:\/\/on.de\/en\/success-stories\/case-study-introduction-of-an-isms-at-an-airline\/\" tabindex=\"-1\" target=\"&quot;_blank&quot;\">\n\t\t\t<div class=\"elementor-post__thumbnail\"><img decoding=\"async\" width=\"800\" height=\"600\" src=\"https:\/\/on.de\/wp-content\/uploads\/2024\/12\/IMG_9906-1024x768.jpg\" class=\"attachment-large size-large wp-image-14193\" alt=\"\" srcset=\"https:\/\/on.de\/wp-content\/uploads\/2024\/12\/IMG_9906-1024x768.jpg 1024w, https:\/\/on.de\/wp-content\/uploads\/2024\/12\/IMG_9906-300x225.jpg 300w, https:\/\/on.de\/wp-content\/uploads\/2024\/12\/IMG_9906-768x576.jpg 768w, https:\/\/on.de\/wp-content\/uploads\/2024\/12\/IMG_9906-1536x1152.jpg 1536w, https:\/\/on.de\/wp-content\/uploads\/2024\/12\/IMG_9906-2048x1536.jpg 2048w, https:\/\/on.de\/wp-content\/uploads\/2024\/12\/IMG_9906-16x12.jpg 16w\" sizes=\"(max-width: 800px) 100vw, 800px\" \/><\/div>\n\t\t<\/a>\n\t\t\t\t<div class=\"elementor-post__text\">\n\t\t\t\t<h3 class=\"elementor-post__title\">\n\t\t\t<a href=\"https:\/\/on.de\/en\/success-stories\/case-study-introduction-of-an-isms-at-an-airline\/\" target=\"&quot;_blank&quot;\">\n\t\t\t\tCase study: Introduction of an ISMS at an airline\t\t\t<\/a>\n\t\t<\/h3>\n\t\t\t\t<div class=\"elementor-post__excerpt\">\n\t\t\t<p>As part of the continuous improvement of its security standards, a leading airline decided to introduce a robust Information Security Management System (ISMS).<\/p>\n\t\t<\/div>\n\t\t\t\t\t<div class=\"elementor-post__read-more-wrapper\">\n\t\t\n\t\t<a class=\"elementor-post__read-more\" href=\"https:\/\/on.de\/en\/success-stories\/case-study-introduction-of-an-isms-at-an-airline\/\" aria-label=\"Read more about Case study: Introduction of an ISMS at an airline\" tabindex=\"-1\" target=\"_blank\">\n\t\t\t Learn more &gt;&gt;\t\t<\/a>\n\n\t\t\t\t\t<\/div>\n\t\t\t\t<\/div>\n\t\t\t\t<\/article>\n\t\t\t\t<article class=\"elementor-post elementor-grid-item post-14765 success_stories type-success_stories status-publish has-post-thumbnail hentry\" role=\"listitem\">\n\t\t\t\t<a class=\"elementor-post__thumbnail__link\" href=\"https:\/\/on.de\/en\/success-stories\/remondis-relies-on-handz-on-for-maintenance\/\" tabindex=\"-1\" target=\"&quot;_blank&quot;\">\n\t\t\t<div class=\"elementor-post__thumbnail\"><img decoding=\"async\" width=\"800\" height=\"601\" src=\"https:\/\/on.de\/wp-content\/uploads\/2024\/12\/REM_12.09.06-0103ret-1024x769.jpg\" class=\"attachment-large size-large wp-image-14266\" alt=\"\" srcset=\"https:\/\/on.de\/wp-content\/uploads\/2024\/12\/REM_12.09.06-0103ret-1024x769.jpg 1024w, https:\/\/on.de\/wp-content\/uploads\/2024\/12\/REM_12.09.06-0103ret-300x225.jpg 300w, https:\/\/on.de\/wp-content\/uploads\/2024\/12\/REM_12.09.06-0103ret-768x576.jpg 768w, https:\/\/on.de\/wp-content\/uploads\/2024\/12\/REM_12.09.06-0103ret-1536x1153.jpg 1536w, https:\/\/on.de\/wp-content\/uploads\/2024\/12\/REM_12.09.06-0103ret-2048x1537.jpg 2048w, https:\/\/on.de\/wp-content\/uploads\/2024\/12\/REM_12.09.06-0103ret-16x12.jpg 16w\" sizes=\"(max-width: 800px) 100vw, 800px\" \/><\/div>\n\t\t<\/a>\n\t\t\t\t<div class=\"elementor-post__text\">\n\t\t\t\t<h3 class=\"elementor-post__title\">\n\t\t\t<a href=\"https:\/\/on.de\/en\/success-stories\/remondis-relies-on-handz-on-for-maintenance\/\" target=\"&quot;_blank&quot;\">\n\t\t\t\tRemondis relies on handz.on for maintenance\t\t\t<\/a>\n\t\t<\/h3>\n\t\t\t\t<div class=\"elementor-post__excerpt\">\n\t\t\t<p>Remondis relies on handz.on for maintenance. Automated maintenance management with a customized solution saves effort and costs! <\/p>\n\t\t<\/div>\n\t\t\t\t\t<div class=\"elementor-post__read-more-wrapper\">\n\t\t\n\t\t<a class=\"elementor-post__read-more\" href=\"https:\/\/on.de\/en\/success-stories\/remondis-relies-on-handz-on-for-maintenance\/\" aria-label=\"Read more about Remondis relies on handz.on for maintenance\" tabindex=\"-1\" target=\"_blank\">\n\t\t\t Learn more &gt;&gt;\t\t<\/a>\n\n\t\t\t\t\t<\/div>\n\t\t\t\t<\/div>\n\t\t\t\t<\/article>\n\t\t\t\t<article class=\"elementor-post elementor-grid-item post-14763 success_stories type-success_stories status-publish has-post-thumbnail hentry\" role=\"listitem\">\n\t\t\t\t<a class=\"elementor-post__thumbnail__link\" href=\"https:\/\/on.de\/en\/success-stories\/top-class-it-consulting-for-insurance-companies\/\" tabindex=\"-1\" target=\"&quot;_blank&quot;\">\n\t\t\t<div class=\"elementor-post__thumbnail\"><img loading=\"lazy\" decoding=\"async\" width=\"800\" height=\"534\" src=\"https:\/\/on.de\/wp-content\/uploads\/2024\/12\/86d7db59-ce0f-4252-8224-b70acc5639f3-1024x683.jpg\" class=\"attachment-large size-large wp-image-14267\" alt=\"\" srcset=\"https:\/\/on.de\/wp-content\/uploads\/2024\/12\/86d7db59-ce0f-4252-8224-b70acc5639f3-1024x683.jpg 1024w, https:\/\/on.de\/wp-content\/uploads\/2024\/12\/86d7db59-ce0f-4252-8224-b70acc5639f3-300x200.jpg 300w, https:\/\/on.de\/wp-content\/uploads\/2024\/12\/86d7db59-ce0f-4252-8224-b70acc5639f3-768x512.jpg 768w, https:\/\/on.de\/wp-content\/uploads\/2024\/12\/86d7db59-ce0f-4252-8224-b70acc5639f3-1536x1024.jpg 1536w, https:\/\/on.de\/wp-content\/uploads\/2024\/12\/86d7db59-ce0f-4252-8224-b70acc5639f3-2048x1366.jpg 2048w, https:\/\/on.de\/wp-content\/uploads\/2024\/12\/86d7db59-ce0f-4252-8224-b70acc5639f3-18x12.jpg 18w\" sizes=\"(max-width: 800px) 100vw, 800px\" \/><\/div>\n\t\t<\/a>\n\t\t\t\t<div class=\"elementor-post__text\">\n\t\t\t\t<h3 class=\"elementor-post__title\">\n\t\t\t<a href=\"https:\/\/on.de\/en\/success-stories\/top-class-it-consulting-for-insurance-companies\/\" target=\"&quot;_blank&quot;\">\n\t\t\t\tTop-class IT Consulting for insurance companies\t\t\t<\/a>\n\t\t<\/h3>\n\t\t\t\t<div class=\"elementor-post__excerpt\">\n\t\t\t<p>Well insured with handz.on: top-class IT Consulting for insurance companies<\/p>\n\t\t<\/div>\n\t\t\t\t\t<div class=\"elementor-post__read-more-wrapper\">\n\t\t\n\t\t<a class=\"elementor-post__read-more\" href=\"https:\/\/on.de\/en\/success-stories\/top-class-it-consulting-for-insurance-companies\/\" aria-label=\"Read more about Top-class IT Consulting for insurance companies\" tabindex=\"-1\" target=\"_blank\">\n\t\t\t Learn more &gt;&gt;\t\t<\/a>\n\n\t\t\t\t\t<\/div>\n\t\t\t\t<\/div>\n\t\t\t\t<\/article>\n\t\t\t\t<\/div>\n\t\t\n\t\t\t\t\t\t<\/div>\n\t\t\t\t<\/div>\n\t\t\t\t\t<\/div>\n\t\t\t\t<\/div>\n\t\t\t\t<\/div>","protected":false},"excerpt":{"rendered":"<p>Success Storys Our success stories show how we&#8217;ve successfully supported companies on their journey toward greater efficiency, security, and innovation.From individual IT solutions to customized strategies \u2014 our projects speak for themselves. Let our references inspire you and discover how we can help move your business forward.<\/p>","protected":false},"author":2,"featured_media":0,"parent":0,"menu_order":0,"comment_status":"closed","ping_status":"closed","template":"","meta":{"footnotes":""},"class_list":["post-14881","page","type-page","status-publish","hentry"],"yoast_head":"<!-- This site is optimized with the Yoast SEO plugin v27.3 - https:\/\/yoast.com\/product\/yoast-seo-wordpress\/ -->\n<title>Success storys: How handz.on makes IT Consulting successful<\/title>\n<meta name=\"description\" content=\"Discover success storys and best practices in IT Consulting and software. Dive into the world of handz.on.\" \/>\n<meta name=\"robots\" content=\"index, follow, max-snippet:-1, max-image-preview:large, max-video-preview:-1\" \/>\n<link rel=\"canonical\" href=\"\/en\/https:\/\/on.de\/en\/success-storys\/\/\" \/>\n<meta property=\"og:locale\" content=\"en_US\" \/>\n<meta property=\"og:type\" content=\"article\" \/>\n<meta property=\"og:title\" content=\"Success storys: How handz.on makes IT Consulting successful\" \/>\n<meta property=\"og:description\" content=\"Discover success storys and best practices in IT Consulting and software. Dive into the world of handz.on.\" \/>\n<meta property=\"og:url\" content=\"\/en\/https:\/\/on.de\/en\/success-storys\/\/\" \/>\n<meta property=\"og:site_name\" content=\"on.de\" \/>\n<meta property=\"article:modified_time\" content=\"2025-04-02T14:45:11+00:00\" \/>\n<meta name=\"twitter:card\" content=\"summary_large_image\" \/>\n<script type=\"application\/ld+json\" class=\"yoast-schema-graph\">{\"@context\":\"https:\\\/\\\/schema.org\",\"@graph\":[{\"@type\":\"WebPage\",\"@id\":\"https:\\\/\\\/on.de\\\/en\\\/success-storys\\\/\",\"url\":\"https:\\\/\\\/on.de\\\/en\\\/success-storys\\\/\",\"name\":\"Success storys: How handz.on makes IT Consulting successful\",\"isPartOf\":{\"@id\":\"https:\\\/\\\/on.de\\\/en\\\/#website\"},\"datePublished\":\"2024-12-06T13:40:50+00:00\",\"dateModified\":\"2025-04-02T14:45:11+00:00\",\"description\":\"Discover success storys and best practices in IT Consulting and software. Dive into the world of handz.on.\",\"breadcrumb\":{\"@id\":\"https:\\\/\\\/on.de\\\/en\\\/success-storys\\\/#breadcrumb\"},\"inLanguage\":\"en-US\",\"potentialAction\":[{\"@type\":\"ReadAction\",\"target\":[\"https:\\\/\\\/on.de\\\/en\\\/success-storys\\\/\"]}]},{\"@type\":\"BreadcrumbList\",\"@id\":\"https:\\\/\\\/on.de\\\/en\\\/success-storys\\\/#breadcrumb\",\"itemListElement\":[{\"@type\":\"ListItem\",\"position\":1,\"name\":\"Startseite\",\"item\":\"https:\\\/\\\/on.de\\\/en\\\/\"},{\"@type\":\"ListItem\",\"position\":2,\"name\":\"Success storys\"}]},{\"@type\":\"WebSite\",\"@id\":\"https:\\\/\\\/on.de\\\/en\\\/#website\",\"url\":\"https:\\\/\\\/on.de\\\/en\\\/\",\"name\":\"on.de\",\"description\":\"Professionelles IT-Consulting und ma\u00dfgeschneiderte Software-L\u00f6sungen f\u00fcr Ihren Unternehmenserfolg\",\"publisher\":{\"@id\":\"https:\\\/\\\/on.de\\\/en\\\/#organization\"},\"potentialAction\":[{\"@type\":\"SearchAction\",\"target\":{\"@type\":\"EntryPoint\",\"urlTemplate\":\"https:\\\/\\\/on.de\\\/en\\\/?s={search_term_string}\"},\"query-input\":{\"@type\":\"PropertyValueSpecification\",\"valueRequired\":true,\"valueName\":\"search_term_string\"}}],\"inLanguage\":\"en-US\"},{\"@type\":\"Organization\",\"@id\":\"https:\\\/\\\/on.de\\\/en\\\/#organization\",\"name\":\"on.de\",\"url\":\"https:\\\/\\\/on.de\\\/en\\\/\",\"logo\":{\"@type\":\"ImageObject\",\"inLanguage\":\"en-US\",\"@id\":\"https:\\\/\\\/on.de\\\/en\\\/#\\\/schema\\\/logo\\\/image\\\/\",\"url\":\"https:\\\/\\\/on.de\\\/wp-content\\\/uploads\\\/2024\\\/08\\\/handz.on_Logo-RGB_whitelime.svg\",\"contentUrl\":\"https:\\\/\\\/on.de\\\/wp-content\\\/uploads\\\/2024\\\/08\\\/handz.on_Logo-RGB_whitelime.svg\",\"caption\":\"on.de\"},\"image\":{\"@id\":\"https:\\\/\\\/on.de\\\/en\\\/#\\\/schema\\\/logo\\\/image\\\/\"}}]}<\/script>\n<!-- \/ Yoast SEO plugin. -->","yoast_head_json":{"title":"Success storys: How handz.on makes IT Consulting successful","description":"Discover success storys and best practices in IT Consulting and software. Dive into the world of handz.on.","robots":{"index":"index","follow":"follow","max-snippet":"max-snippet:-1","max-image-preview":"max-image-preview:large","max-video-preview":"max-video-preview:-1"},"canonical":"\/en\/https:\/\/on.de\/en\/success-storys\/\/","og_locale":"en_US","og_type":"article","og_title":"Success storys: How handz.on makes IT Consulting successful","og_description":"Discover success storys and best practices in IT Consulting and software. Dive into the world of handz.on.","og_url":"\/en\/https:\/\/on.de\/en\/success-storys\/\/","og_site_name":"on.de","article_modified_time":"2025-04-02T14:45:11+00:00","twitter_card":"summary_large_image","schema":{"@context":"https:\/\/schema.org","@graph":[{"@type":"WebPage","@id":"https:\/\/on.de\/en\/success-storys\/","url":"https:\/\/on.de\/en\/success-storys\/","name":"Success storys: How handz.on makes IT Consulting successful","isPartOf":{"@id":"https:\/\/on.de\/en\/#website"},"datePublished":"2024-12-06T13:40:50+00:00","dateModified":"2025-04-02T14:45:11+00:00","description":"Discover success storys and best practices in IT Consulting and software. Dive into the world of handz.on.","breadcrumb":{"@id":"https:\/\/on.de\/en\/success-storys\/#breadcrumb"},"inLanguage":"en-US","potentialAction":[{"@type":"ReadAction","target":["https:\/\/on.de\/en\/success-storys\/"]}]},{"@type":"BreadcrumbList","@id":"https:\/\/on.de\/en\/success-storys\/#breadcrumb","itemListElement":[{"@type":"ListItem","position":1,"name":"Startseite","item":"https:\/\/on.de\/en\/"},{"@type":"ListItem","position":2,"name":"Success storys"}]},{"@type":"WebSite","@id":"https:\/\/on.de\/en\/#website","url":"https:\/\/on.de\/en\/","name":"on.de","description":"Professional IT Consulting and custom software solutions for your success","publisher":{"@id":"https:\/\/on.de\/en\/#organization"},"potentialAction":[{"@type":"SearchAction","target":{"@type":"EntryPoint","urlTemplate":"https:\/\/on.de\/en\/?s={search_term_string}"},"query-input":{"@type":"PropertyValueSpecification","valueRequired":true,"valueName":"search_term_string"}}],"inLanguage":"en-US"},{"@type":"Organization","@id":"https:\/\/on.de\/en\/#organization","name":"on.de","url":"https:\/\/on.de\/en\/","logo":{"@type":"ImageObject","inLanguage":"en-US","@id":"https:\/\/on.de\/en\/#\/schema\/logo\/image\/","url":"https:\/\/on.de\/wp-content\/uploads\/2024\/08\/handz.on_Logo-RGB_whitelime.svg","contentUrl":"https:\/\/on.de\/wp-content\/uploads\/2024\/08\/handz.on_Logo-RGB_whitelime.svg","caption":"on.de"},"image":{"@id":"https:\/\/on.de\/en\/#\/schema\/logo\/image\/"}}]}},"_links":{"self":[{"href":"https:\/\/on.de\/en\/wp-json\/wp\/v2\/pages\/14881","targetHints":{"allow":["GET"]}}],"collection":[{"href":"https:\/\/on.de\/en\/wp-json\/wp\/v2\/pages"}],"about":[{"href":"https:\/\/on.de\/en\/wp-json\/wp\/v2\/types\/page"}],"author":[{"embeddable":true,"href":"https:\/\/on.de\/en\/wp-json\/wp\/v2\/users\/2"}],"replies":[{"embeddable":true,"href":"https:\/\/on.de\/en\/wp-json\/wp\/v2\/comments?post=14881"}],"version-history":[{"count":0,"href":"https:\/\/on.de\/en\/wp-json\/wp\/v2\/pages\/14881\/revisions"}],"wp:attachment":[{"href":"https:\/\/on.de\/en\/wp-json\/wp\/v2\/media?parent=14881"}],"curies":[{"name":"wp","href":"https:\/\/api.w.org\/{rel}","templated":true}]}}