{"id":14700,"date":"2024-10-09T12:00:09","date_gmt":"2024-10-09T12:00:09","guid":{"rendered":"https:\/\/on.de\/imprint\/"},"modified":"2025-04-02T12:58:12","modified_gmt":"2025-04-02T12:58:12","slug":"imprint","status":"publish","type":"page","link":"https:\/\/on.de\/en\/imprint\/","title":{"rendered":"Imprint"},"content":{"rendered":"<div data-elementor-type=\"wp-page\" data-elementor-id=\"14700\" class=\"elementor elementor-14700 elementor-663\" data-elementor-post-type=\"page\">\n\t\t\t\t<div class=\"elementor-element elementor-element-272b366 e-flex e-con-boxed e-con e-parent\" data-id=\"272b366\" data-element_type=\"container\" data-e-type=\"container\" data-settings=\"{&quot;background_background&quot;:&quot;classic&quot;}\">\n\t\t\t\t\t<div class=\"e-con-inner\">\n\t\t\t\t<div class=\"elementor-element elementor-element-92b3597 elementor-widget elementor-widget-heading\" data-id=\"92b3597\" data-element_type=\"widget\" data-e-type=\"widget\" data-widget_type=\"heading.default\">\n\t\t\t\t<div class=\"elementor-widget-container\">\n\t\t\t\t\t<h1 class=\"elementor-heading-title elementor-size-default\">Imprint<\/h1>\t\t\t\t<\/div>\n\t\t\t\t<\/div>\n\t\t\t\t\t<\/div>\n\t\t\t\t<\/div>\n\t\t<div class=\"elementor-element elementor-element-15ac968 e-flex e-con-boxed e-con e-parent\" data-id=\"15ac968\" data-element_type=\"container\" data-e-type=\"container\">\n\t\t\t\t\t<div class=\"e-con-inner\">\n\t\t\t\t<div class=\"elementor-element elementor-element-5ff1bb9 elementor-widget elementor-widget-heading\" data-id=\"5ff1bb9\" data-element_type=\"widget\" data-e-type=\"widget\" data-widget_type=\"heading.default\">\n\t\t\t\t<div class=\"elementor-widget-container\">\n\t\t\t\t\t<h2 class=\"elementor-heading-title elementor-size-default\">Information according to \u00a7 5 TMG.<\/h2>\t\t\t\t<\/div>\n\t\t\t\t<\/div>\n\t\t\t\t<div class=\"elementor-element elementor-element-a308dd3 elementor-icon-list--layout-traditional elementor-list-item-link-full_width elementor-widget elementor-widget-icon-list\" data-id=\"a308dd3\" data-element_type=\"widget\" data-e-type=\"widget\" data-widget_type=\"icon-list.default\">\n\t\t\t\t<div class=\"elementor-widget-container\">\n\t\t\t\t\t\t\t<ul class=\"elementor-icon-list-items\">\n\t\t\t\t\t\t\t<li class=\"elementor-icon-list-item\">\n\t\t\t\t\t\t\t\t\t\t<span class=\"elementor-icon-list-text\">handz.on GmbH<\/span>\n\t\t\t\t\t\t\t\t\t<\/li>\n\t\t\t\t\t\t\t\t<li class=\"elementor-icon-list-item\">\n\t\t\t\t\t\t\t\t\t\t<span class=\"elementor-icon-list-text\">St.-Martin-Strasse 64<\/span>\n\t\t\t\t\t\t\t\t\t<\/li>\n\t\t\t\t\t\t\t\t<li class=\"elementor-icon-list-item\">\n\t\t\t\t\t\t\t\t\t\t<span class=\"elementor-icon-list-text\">81541 Munich, Germany<\/span>\n\t\t\t\t\t\t\t\t\t<\/li>\n\t\t\t\t\t\t<\/ul>\n\t\t\t\t\t\t<\/div>\n\t\t\t\t<\/div>\n\t\t\t\t<div class=\"elementor-element elementor-element-1aa592f elementor-widget elementor-widget-text-editor\" data-id=\"1aa592f\" data-element_type=\"widget\" data-e-type=\"widget\" data-widget_type=\"text-editor.default\">\n\t\t\t\t<div class=\"elementor-widget-container\">\n\t\t\t\t\t\t\t\t\t<p>Managing Director Markus Obser<br>Contact<\/p><p>T +49 89 &#8211; 71 67 767-0<br>F +49 89 &#8211; 71 67 767-99<br>M <span style=\"color: #cdd900;\"><a style=\"color: #cdd900;\" href=\"mailto:info@on.de\"><span style=\"text-decoration: underline;\">info@on.de<\/span><\/a><\/span><\/p>\t\t\t\t\t\t\t\t<\/div>\n\t\t\t\t<\/div>\n\t\t\t\t<div class=\"elementor-element elementor-element-367ae3f elementor-widget elementor-widget-heading\" data-id=\"367ae3f\" data-element_type=\"widget\" data-e-type=\"widget\" data-widget_type=\"heading.default\">\n\t\t\t\t<div class=\"elementor-widget-container\">\n\t\t\t\t\t<h2 class=\"elementor-heading-title elementor-size-default\">Register entry<\/h2>\t\t\t\t<\/div>\n\t\t\t\t<\/div>\n\t\t\t\t<div class=\"elementor-element elementor-element-f9aa474 elementor-widget elementor-widget-text-editor\" data-id=\"f9aa474\" data-element_type=\"widget\" data-e-type=\"widget\" data-widget_type=\"text-editor.default\">\n\t\t\t\t<div class=\"elementor-widget-container\">\n\t\t\t\t\t\t\t\t\t<p><span style=\"white-space-collapse: preserve;\">Entry in the commercial register. Register court: Munich Local Court Register number: HRB 174229 <\/span><\/p>\t\t\t\t\t\t\t\t<\/div>\n\t\t\t\t<\/div>\n\t\t\t\t<div class=\"elementor-element elementor-element-ab60727 elementor-widget elementor-widget-heading\" data-id=\"ab60727\" data-element_type=\"widget\" data-e-type=\"widget\" data-widget_type=\"heading.default\">\n\t\t\t\t<div class=\"elementor-widget-container\">\n\t\t\t\t\t<h2 class=\"elementor-heading-title elementor-size-default\">Sales tax ID<\/h2>\t\t\t\t<\/div>\n\t\t\t\t<\/div>\n\t\t\t\t<div class=\"elementor-element elementor-element-c00a38d elementor-widget elementor-widget-text-editor\" data-id=\"c00a38d\" data-element_type=\"widget\" data-e-type=\"widget\" data-widget_type=\"text-editor.default\">\n\t\t\t\t<div class=\"elementor-widget-container\">\n\t\t\t\t\t\t\t\t\t<p>Sales tax identification number according to \u00a727 a sales tax law: DE260422928<\/p>\t\t\t\t\t\t\t\t<\/div>\n\t\t\t\t<\/div>\n\t\t\t\t<div class=\"elementor-element elementor-element-277411f elementor-widget elementor-widget-heading\" data-id=\"277411f\" data-element_type=\"widget\" data-e-type=\"widget\" data-widget_type=\"heading.default\">\n\t\t\t\t<div class=\"elementor-widget-container\">\n\t\t\t\t\t<h2 class=\"elementor-heading-title elementor-size-default\">Responsible for the content according to \u00a7 55 Abs. 2 RStV <\/h2>\t\t\t\t<\/div>\n\t\t\t\t<\/div>\n\t\t\t\t<div class=\"elementor-element elementor-element-17ea8d8 elementor-icon-list--layout-traditional elementor-list-item-link-full_width elementor-widget elementor-widget-icon-list\" data-id=\"17ea8d8\" data-element_type=\"widget\" data-e-type=\"widget\" data-widget_type=\"icon-list.default\">\n\t\t\t\t<div class=\"elementor-widget-container\">\n\t\t\t\t\t\t\t<ul class=\"elementor-icon-list-items\">\n\t\t\t\t\t\t\t<li class=\"elementor-icon-list-item\">\n\t\t\t\t\t\t\t\t\t\t<span class=\"elementor-icon-list-text\">handz.on GmbH<\/span>\n\t\t\t\t\t\t\t\t\t<\/li>\n\t\t\t\t\t\t\t\t<li class=\"elementor-icon-list-item\">\n\t\t\t\t\t\t\t\t\t\t<span class=\"elementor-icon-list-text\">St.-Martin-Strasse 64<\/span>\n\t\t\t\t\t\t\t\t\t<\/li>\n\t\t\t\t\t\t\t\t<li class=\"elementor-icon-list-item\">\n\t\t\t\t\t\t\t\t\t\t<span class=\"elementor-icon-list-text\">81541 Munich, Germany<\/span>\n\t\t\t\t\t\t\t\t\t<\/li>\n\t\t\t\t\t\t<\/ul>\n\t\t\t\t\t\t<\/div>\n\t\t\t\t<\/div>\n\t\t\t\t<div class=\"elementor-element elementor-element-f709966 elementor-widget elementor-widget-heading\" data-id=\"f709966\" data-element_type=\"widget\" data-e-type=\"widget\" data-widget_type=\"heading.default\">\n\t\t\t\t<div class=\"elementor-widget-container\">\n\t\t\t\t\t<h2 class=\"elementor-heading-title elementor-size-default\">Exclusion of liability (disclaimer)<\/h2>\t\t\t\t<\/div>\n\t\t\t\t<\/div>\n\t\t\t\t<div class=\"elementor-element elementor-element-f28c976 elementor-widget elementor-widget-text-editor\" data-id=\"f28c976\" data-element_type=\"widget\" data-e-type=\"widget\" data-widget_type=\"text-editor.default\">\n\t\t\t\t<div class=\"elementor-widget-container\">\n\t\t\t\t\t\t\t\t\t<p>As a service provider, we are responsible for our own content on these pages in accordance with Section 7 (1) TMG (German Telemedia Act) and general legislation. According to \u00a7\u00a7 8 to 10 TMG, however, we as a service provider are not obliged to monitor transmitted or stored third-party information or to investigate circumstances that indicate illegal activity. Obligations to remove or block the use of information in accordance with general legislation remain unaffected by this. However, liability in this respect is only possible from the time of knowledge of a specific infringement. As soon as we become aware of such infringements, we will remove this content immediately.     <\/p>\t\t\t\t\t\t\t\t<\/div>\n\t\t\t\t<\/div>\n\t\t\t\t<div class=\"elementor-element elementor-element-16bc4fb elementor-widget elementor-widget-heading\" data-id=\"16bc4fb\" data-element_type=\"widget\" data-e-type=\"widget\" data-widget_type=\"heading.default\">\n\t\t\t\t<div class=\"elementor-widget-container\">\n\t\t\t\t\t<h2 class=\"elementor-heading-title elementor-size-default\">Liability for links<\/h2>\t\t\t\t<\/div>\n\t\t\t\t<\/div>\n\t\t\t\t<div class=\"elementor-element elementor-element-afec67f elementor-widget elementor-widget-text-editor\" data-id=\"afec67f\" data-element_type=\"widget\" data-e-type=\"widget\" data-widget_type=\"text-editor.default\">\n\t\t\t\t<div class=\"elementor-widget-container\">\n\t\t\t\t\t\t\t\t\t<p>Our website contains links to external third-party websites over whose content we have no influence. Therefore, we cannot accept any liability for this third-party content. The respective provider or operator of the pages is always responsible for the content of the linked pages. The linked pages were checked for possible legal violations at the time of linking. Illegal content was not recognizable at the time of linking. However, permanent monitoring of the content of the linked pages is not reasonable without concrete evidence of an infringement. If we become aware of any legal infringements, we will remove such links immediately.      <\/p>\t\t\t\t\t\t\t\t<\/div>\n\t\t\t\t<\/div>\n\t\t\t\t<div class=\"elementor-element elementor-element-ddb2fc1 elementor-widget elementor-widget-heading\" data-id=\"ddb2fc1\" data-element_type=\"widget\" data-e-type=\"widget\" data-widget_type=\"heading.default\">\n\t\t\t\t<div class=\"elementor-widget-container\">\n\t\t\t\t\t<h2 class=\"elementor-heading-title elementor-size-default\">Copyright<\/h2>\t\t\t\t<\/div>\n\t\t\t\t<\/div>\n\t\t\t\t<div class=\"elementor-element elementor-element-e5db86a elementor-widget elementor-widget-text-editor\" data-id=\"e5db86a\" data-element_type=\"widget\" data-e-type=\"widget\" data-widget_type=\"text-editor.default\">\n\t\t\t\t<div class=\"elementor-widget-container\">\n\t\t\t\t\t\t\t\t\t<p>The content and works created by the site operators on these pages are subject to German copyright law. Duplication, processing, distribution and any form of commercialization of such material beyond the scope of the copyright law shall require the prior written consent of its respective author or creator. Downloads and copies of this site are only permitted for private, non-commercial use. Insofar as the content on this site was not created by the operator, the copyrights of third parties are respected. In particular, third-party content is identified as such. Should you nevertheless become aware of a copyright infringement, please inform us accordingly. If we become aware of any infringements, we will remove such content immediately.      <\/p>\t\t\t\t\t\t\t\t<\/div>\n\t\t\t\t<\/div>\n\t\t\t\t<div class=\"elementor-element elementor-element-b9a2880 elementor-widget elementor-widget-heading\" data-id=\"b9a2880\" data-element_type=\"widget\" data-e-type=\"widget\" data-widget_type=\"heading.default\">\n\t\t\t\t<div class=\"elementor-widget-container\">\n\t\t\t\t\t<h2 class=\"elementor-heading-title elementor-size-default\">Information on online dispute resolution<\/h2>\t\t\t\t<\/div>\n\t\t\t\t<\/div>\n\t\t\t\t<div class=\"elementor-element elementor-element-0bbde78 elementor-widget elementor-widget-text-editor\" data-id=\"0bbde78\" data-element_type=\"widget\" data-e-type=\"widget\" data-widget_type=\"text-editor.default\">\n\t\t\t\t<div class=\"elementor-widget-container\">\n\t\t\t\t\t\t\t\t\t<p>handz.on GmbH is neither willing nor obliged to participate in dispute resolution proceedings before a consumer arbitration board in accordance with the German Consumer Dispute Resolution Act (VSGB).<\/p><p>You can find the EU Commission&#8217;s platform for online dispute resolution at: <span style=\"color: #cdd900;\">http:\/\/ec.europa.eu\/consumers\/odr.<\/span><\/p>\t\t\t\t\t\t\t\t<\/div>\n\t\t\t\t<\/div>\n\t\t\t\t<div class=\"elementor-element elementor-element-19ce172 elementor-widget elementor-widget-heading\" data-id=\"19ce172\" data-element_type=\"widget\" data-e-type=\"widget\" data-widget_type=\"heading.default\">\n\t\t\t\t<div class=\"elementor-widget-container\">\n\t\t\t\t\t<p class=\"elementor-heading-title elementor-size-default\">Design and implementation by <strong><a href=\"https:\/\/www.invictus-lead-generation.de\/\" target=\"_blank\" style=\"color: #cdd900;text-decoration:underline\">Invictus Lead Generation GmbH<\/a><strong><\/strong><\/p>\t\t\t\t<\/div>\n\t\t\t\t<\/div>\n\t\t\t\t\t<\/div>\n\t\t\t\t<\/div>\n\t\t\t\t<\/div>","protected":false},"excerpt":{"rendered":"<p>Imprint Information according to \u00a7 5 TMG. handz.on GmbH St.-Martin-Strasse 64 81541 Munich, Germany Managing Director Markus ObserContact T +49 89 &#8211; 71 67 767-0F +49 89 &#8211; 71 67 767-99M info@on.de Register entry Entry in the commercial register. Register court: Munich Local Court Register number: HRB 174229 Sales tax ID Sales tax identification number [&hellip;]<\/p>\n","protected":false},"author":6,"featured_media":0,"parent":0,"menu_order":0,"comment_status":"closed","ping_status":"closed","template":"","meta":{"footnotes":""},"class_list":["post-14700","page","type-page","status-publish","hentry"],"yoast_head":"<!-- This site is optimized with the Yoast SEO plugin v27.3 - https:\/\/yoast.com\/product\/yoast-seo-wordpress\/ -->\n<title>handz.on GmbH Imprint<\/title>\n<meta name=\"description\" content=\"Your partner: handz.on GmbH,St.-Martin-Stra\u00dfe 64,81541 Munich. Read our imprint.\" \/>\n<meta name=\"robots\" content=\"index, follow, max-snippet:-1, max-image-preview:large, max-video-preview:-1\" \/>\n<link rel=\"canonical\" href=\"\/en\/https:\/\/on.de\/en\/imprint\/\/\" \/>\n<meta property=\"og:locale\" content=\"en_US\" \/>\n<meta property=\"og:type\" content=\"article\" \/>\n<meta property=\"og:title\" content=\"handz.on GmbH Imprint\" \/>\n<meta property=\"og:description\" content=\"Your partner: handz.on GmbH,St.-Martin-Stra\u00dfe 64,81541 Munich. Read our imprint.\" \/>\n<meta property=\"og:url\" content=\"\/en\/https:\/\/on.de\/en\/imprint\/\/\" \/>\n<meta property=\"og:site_name\" content=\"on.de\" \/>\n<meta property=\"article:modified_time\" content=\"2025-04-02T12:58:12+00:00\" \/>\n<meta name=\"twitter:card\" content=\"summary_large_image\" \/>\n<meta name=\"twitter:label1\" content=\"Est. reading time\" \/>\n\t<meta name=\"twitter:data1\" content=\"2 minutes\" \/>\n<script type=\"application\/ld+json\" class=\"yoast-schema-graph\">{\"@context\":\"https:\\\/\\\/schema.org\",\"@graph\":[{\"@type\":\"WebPage\",\"@id\":\"https:\\\/\\\/on.de\\\/en\\\/imprint\\\/\",\"url\":\"https:\\\/\\\/on.de\\\/en\\\/imprint\\\/\",\"name\":\"handz.on GmbH Imprint\",\"isPartOf\":{\"@id\":\"https:\\\/\\\/on.de\\\/en\\\/#website\"},\"datePublished\":\"2024-10-09T12:00:09+00:00\",\"dateModified\":\"2025-04-02T12:58:12+00:00\",\"description\":\"Your partner: handz.on GmbH,St.-Martin-Stra\u00dfe 64,81541 Munich. Read our imprint.\",\"breadcrumb\":{\"@id\":\"https:\\\/\\\/on.de\\\/en\\\/imprint\\\/#breadcrumb\"},\"inLanguage\":\"en-US\",\"potentialAction\":[{\"@type\":\"ReadAction\",\"target\":[\"https:\\\/\\\/on.de\\\/en\\\/imprint\\\/\"]}]},{\"@type\":\"BreadcrumbList\",\"@id\":\"https:\\\/\\\/on.de\\\/en\\\/imprint\\\/#breadcrumb\",\"itemListElement\":[{\"@type\":\"ListItem\",\"position\":1,\"name\":\"Startseite\",\"item\":\"https:\\\/\\\/on.de\\\/en\\\/\"},{\"@type\":\"ListItem\",\"position\":2,\"name\":\"Imprint\"}]},{\"@type\":\"WebSite\",\"@id\":\"https:\\\/\\\/on.de\\\/en\\\/#website\",\"url\":\"https:\\\/\\\/on.de\\\/en\\\/\",\"name\":\"on.de\",\"description\":\"Professionelles IT-Consulting und ma\u00dfgeschneiderte Software-L\u00f6sungen f\u00fcr Ihren Unternehmenserfolg\",\"publisher\":{\"@id\":\"https:\\\/\\\/on.de\\\/en\\\/#organization\"},\"potentialAction\":[{\"@type\":\"SearchAction\",\"target\":{\"@type\":\"EntryPoint\",\"urlTemplate\":\"https:\\\/\\\/on.de\\\/en\\\/?s={search_term_string}\"},\"query-input\":{\"@type\":\"PropertyValueSpecification\",\"valueRequired\":true,\"valueName\":\"search_term_string\"}}],\"inLanguage\":\"en-US\"},{\"@type\":\"Organization\",\"@id\":\"https:\\\/\\\/on.de\\\/en\\\/#organization\",\"name\":\"on.de\",\"url\":\"https:\\\/\\\/on.de\\\/en\\\/\",\"logo\":{\"@type\":\"ImageObject\",\"inLanguage\":\"en-US\",\"@id\":\"https:\\\/\\\/on.de\\\/en\\\/#\\\/schema\\\/logo\\\/image\\\/\",\"url\":\"https:\\\/\\\/on.de\\\/wp-content\\\/uploads\\\/2024\\\/08\\\/handz.on_Logo-RGB_whitelime.svg\",\"contentUrl\":\"https:\\\/\\\/on.de\\\/wp-content\\\/uploads\\\/2024\\\/08\\\/handz.on_Logo-RGB_whitelime.svg\",\"caption\":\"on.de\"},\"image\":{\"@id\":\"https:\\\/\\\/on.de\\\/en\\\/#\\\/schema\\\/logo\\\/image\\\/\"}}]}<\/script>\n<!-- \/ Yoast SEO plugin. -->","yoast_head_json":{"title":"handz.on GmbH Imprint","description":"Your partner: handz.on GmbH,St.-Martin-Stra\u00dfe 64,81541 Munich. Read our imprint.","robots":{"index":"index","follow":"follow","max-snippet":"max-snippet:-1","max-image-preview":"max-image-preview:large","max-video-preview":"max-video-preview:-1"},"canonical":"\/en\/https:\/\/on.de\/en\/imprint\/\/","og_locale":"en_US","og_type":"article","og_title":"handz.on GmbH Imprint","og_description":"Your partner: handz.on GmbH,St.-Martin-Stra\u00dfe 64,81541 Munich. Read our imprint.","og_url":"\/en\/https:\/\/on.de\/en\/imprint\/\/","og_site_name":"on.de","article_modified_time":"2025-04-02T12:58:12+00:00","twitter_card":"summary_large_image","twitter_misc":{"Est. reading time":"2 minutes"},"schema":{"@context":"https:\/\/schema.org","@graph":[{"@type":"WebPage","@id":"https:\/\/on.de\/en\/imprint\/","url":"https:\/\/on.de\/en\/imprint\/","name":"handz.on GmbH Imprint","isPartOf":{"@id":"https:\/\/on.de\/en\/#website"},"datePublished":"2024-10-09T12:00:09+00:00","dateModified":"2025-04-02T12:58:12+00:00","description":"Your partner: handz.on GmbH,St.-Martin-Stra\u00dfe 64,81541 Munich. Read our imprint.","breadcrumb":{"@id":"https:\/\/on.de\/en\/imprint\/#breadcrumb"},"inLanguage":"en-US","potentialAction":[{"@type":"ReadAction","target":["https:\/\/on.de\/en\/imprint\/"]}]},{"@type":"BreadcrumbList","@id":"https:\/\/on.de\/en\/imprint\/#breadcrumb","itemListElement":[{"@type":"ListItem","position":1,"name":"Startseite","item":"https:\/\/on.de\/en\/"},{"@type":"ListItem","position":2,"name":"Imprint"}]},{"@type":"WebSite","@id":"https:\/\/on.de\/en\/#website","url":"https:\/\/on.de\/en\/","name":"on.de","description":"Professional IT Consulting and custom software solutions for your success","publisher":{"@id":"https:\/\/on.de\/en\/#organization"},"potentialAction":[{"@type":"SearchAction","target":{"@type":"EntryPoint","urlTemplate":"https:\/\/on.de\/en\/?s={search_term_string}"},"query-input":{"@type":"PropertyValueSpecification","valueRequired":true,"valueName":"search_term_string"}}],"inLanguage":"en-US"},{"@type":"Organization","@id":"https:\/\/on.de\/en\/#organization","name":"on.de","url":"https:\/\/on.de\/en\/","logo":{"@type":"ImageObject","inLanguage":"en-US","@id":"https:\/\/on.de\/en\/#\/schema\/logo\/image\/","url":"https:\/\/on.de\/wp-content\/uploads\/2024\/08\/handz.on_Logo-RGB_whitelime.svg","contentUrl":"https:\/\/on.de\/wp-content\/uploads\/2024\/08\/handz.on_Logo-RGB_whitelime.svg","caption":"on.de"},"image":{"@id":"https:\/\/on.de\/en\/#\/schema\/logo\/image\/"}}]}},"_links":{"self":[{"href":"https:\/\/on.de\/en\/wp-json\/wp\/v2\/pages\/14700","targetHints":{"allow":["GET"]}}],"collection":[{"href":"https:\/\/on.de\/en\/wp-json\/wp\/v2\/pages"}],"about":[{"href":"https:\/\/on.de\/en\/wp-json\/wp\/v2\/types\/page"}],"author":[{"embeddable":true,"href":"https:\/\/on.de\/en\/wp-json\/wp\/v2\/users\/6"}],"replies":[{"embeddable":true,"href":"https:\/\/on.de\/en\/wp-json\/wp\/v2\/comments?post=14700"}],"version-history":[{"count":0,"href":"https:\/\/on.de\/en\/wp-json\/wp\/v2\/pages\/14700\/revisions"}],"wp:attachment":[{"href":"https:\/\/on.de\/en\/wp-json\/wp\/v2\/media?parent=14700"}],"curies":[{"name":"wp","href":"https:\/\/api.w.org\/{rel}","templated":true}]}}